{"id":14546,"date":"2022-10-24T23:17:43","date_gmt":"2022-10-24T23:17:43","guid":{"rendered":"https:\/\/dailymoroccovacation.com\/excursiones-desde-fez\/"},"modified":"2023-11-13T12:32:46","modified_gmt":"2023-11-13T12:32:46","slug":"excursiones-desde-fez","status":"publish","type":"page","link":"https:\/\/dailymoroccovacation.com\/es\/excursiones-desde-fez\/","title":{"rendered":"Excursiones desde Fez"},"content":{"rendered":"\t\t<div data-elementor-type=\"wp-page\" data-elementor-id=\"14546\" class=\"elementor elementor-14546\" data-elementor-post-type=\"page\">\n\t\t\t\t\t\t<div class=\"elementor-section elementor-top-section elementor-element elementor-element-7d6a897 elementor-section-stretched elementor-section-boxed elementor-section-height-default elementor-section-height-default\" data-id=\"7d6a897\" data-element_type=\"section\" data-settings=\"{&quot;stretch_section&quot;:&quot;section-stretched&quot;}\">\n\t\t\t\t\t\t<div class=\"elementor-container elementor-column-gap-no\">\n\t\t\t\t\t<div class=\"elementor-column elementor-col-100 elementor-top-column elementor-element elementor-element-262bb1a\" data-id=\"262bb1a\" data-element_type=\"column\">\n\t\t\t<div class=\"elementor-widget-wrap elementor-element-populated\">\n\t\t\t\t\t\t<div class=\"elementor-element elementor-element-53bbc75 elementor-widget elementor-widget-heading\" data-id=\"53bbc75\" data-element_type=\"widget\" data-widget_type=\"heading.default\">\n\t\t\t\t<div class=\"elementor-widget-container\">\n\t\t\t\t\t<h2 class=\"elementor-heading-title elementor-size-default\">Excursiones desde Fez<\/h2>\t\t\t\t<\/div>\n\t\t\t\t<\/div>\n\t\t\t\t<div class=\"elementor-element elementor-element-ae63fc4 arrow-style-1 elementor-widget elementor-widget-babe-all-items\" data-id=\"ae63fc4\" data-element_type=\"widget\" data-widget_type=\"babe-all-items.default\">\n\t\t\t\t<div class=\"elementor-widget-container\">\n\t\t\t\t\t<div data-elementor-columns=\"3\" data-elementor-columns-tablet=\"2\" data-elementor-columns-mobile=\"1\">\n\t\t\t\t<div class=\"babe_shortcode_block sc_all_items \">\n\t\t\t\t\t<div class=\"babe_shortcode_block_bg_inner\">\n\t\t\t\t\t\t<div class=\"babe_shortcode_block_inner\">\n\t\t\t\t\t\t\t<div class=\"babe_items babe_items_1 column-item\">\n    <div class=\"babe_all_items_item_inner\">\n        <div class=\"item_img\">\n\t\t\t\t\t\t<a class=\"item-thumb\" href=\"https:\/\/dailymoroccovacation.com\/es\/to_book\/viaje-de-3-dias-de-fez-a-merzouga\/\"><img decoding=\"async\" src=\"https:\/\/dailymoroccovacation.com\/wp-content\/uploads\/2022\/12\/morocco-love-tours-2-820x520.jpg\" alt=\"Viaje de 3 d\u00edas de Fez a Merzouga\"><\/a>\t\t\t        <\/div>\n        <div class=\"item_text\">\n            <div class=\"item-meta\">\n                <div class=\"item-meta-left\">\n\t\t\t\t\t<span class=\"item-days item-meta-value\"><i class=\"triply-icon-calendar\"><\/i><span><\/span><\/span><span class=\"item-user item-meta-value\"><i class=\"triply-icon-user\"><\/i><span>1<\/span><\/span>                <\/div>\n                <div class=\"item-meta-right\">\n\t\t\t\t\t                        <div class=\"item-meta-media\">\n\t\t\t\t\t\t\t<a href=\"#\" data-images=\"[{&quot;image_id&quot;:13300,&quot;image&quot;:&quot;https:\\\/\\\/dailymoroccovacation.com\\\/wp-content\\\/uploads\\\/2022\\\/12\\\/sahara-with-dailymoroccovacation.com_.jpg&quot;,&quot;description&quot;:&quot;Viaje de 3 d\\u00edas de Fez a Merzouga&quot;},{&quot;image_id&quot;:12930,&quot;image&quot;:&quot;https:\\\/\\\/dailymoroccovacation.com\\\/wp-content\\\/uploads\\\/2022\\\/12\\\/merzouga-4x4-desert-tour.webp&quot;,&quot;description&quot;:&quot;Viaje de 3 d\\u00edas de Fez a Merzouga&quot;},{&quot;image_id&quot;:13331,&quot;image&quot;:&quot;https:\\\/\\\/dailymoroccovacation.com\\\/wp-content\\\/uploads\\\/2022\\\/12\\\/daily-tours-from-morocco-usa-3.webp&quot;,&quot;description&quot;:&quot;Viaje de 3 d\\u00edas de Fez a Merzouga&quot;},{&quot;image_id&quot;:12831,&quot;image&quot;:&quot;https:\\\/\\\/dailymoroccovacation.com\\\/wp-content\\\/uploads\\\/2022\\\/12\\\/dailymoroccovacation.com-morocco-tours-travel-8.webp&quot;,&quot;description&quot;:&quot;Viaje de 3 d\\u00edas de Fez a Merzouga&quot;},{&quot;image_id&quot;:12597,&quot;image&quot;:&quot;https:\\\/\\\/dailymoroccovacation.com\\\/wp-content\\\/uploads\\\/2022\\\/11\\\/3-days-private-tour-to-marrakech-throught-sahara-desert-from-fes-dailymoroccovacation.jpeg&quot;,&quot;description&quot;:&quot;Viaje de 3 d\\u00edas de Fez a Merzouga&quot;}]\" class=\"item-gallery item-meta-value\"><i class=\"triply-icon-camera-alt\"><\/i><span>5<\/span><\/a>                        <\/div>\n\t\t\t\t\t                <\/div>\n            <\/div>\n            <div class=\"item_title\">\n                <a href=\"https:\/\/dailymoroccovacation.com\/es\/to_book\/viaje-de-3-dias-de-fez-a-merzouga\/\">Viaje de 3 d\u00edas de Fez a Merzouga<\/a>\n            <\/div>\n\t\t\t                <div class=\"item-location\">\n                    <i class=\"triply-icon-map-marker-alt\"><\/i><span>Marruecos ,Fez<\/span>\n                <\/div>\n\t\t\t\t            <div class=\"item-bottom\">\n                <div class=\"item_info_price\">\n                    <label><\/label>\n                    <span class=\"item_info_price_new\"><span class=\"currency_amount\" data-amount=\"400\"><span class=\"currency_symbol\">&#36;<\/span>400<\/span><\/span>\n\t\t\t\t\t                <\/div>\n                <a class=\"read-more-item\" href=\"https:\/\/dailymoroccovacation.com\/es\/to_book\/viaje-de-3-dias-de-fez-a-merzouga\/\">Explore                    <i class=\"triply-icon-long-arrow-right\"><\/i><\/a>\n            <\/div>\n\n        <\/div>\n    <\/div>\n<\/div>\n\n\n<div class=\"babe_items babe_items_1 column-item\">\n    <div class=\"babe_all_items_item_inner\">\n        <div class=\"item_img\">\n\t\t\t\t\t\t<a class=\"item-thumb\" href=\"https:\/\/dailymoroccovacation.com\/es\/to_book\/viaje-privado-de-cuatro-dias-de-fez-a-merzuga\/\"><img decoding=\"async\" src=\"https:\/\/dailymoroccovacation.com\/wp-content\/uploads\/2022\/12\/daily-morocco-vacation-7-in-morocco-800x520.webp\" alt=\"Viaje de 4 d\u00edas desde Fes a Merzouga.\"><\/a>\t\t\t        <\/div>\n        <div class=\"item_text\">\n            <div class=\"item-meta\">\n                <div class=\"item-meta-left\">\n\t\t\t\t\t<span class=\"item-user item-meta-value\"><i class=\"triply-icon-user\"><\/i><span>1<\/span><\/span>                <\/div>\n                <div class=\"item-meta-right\">\n\t\t\t\t\t                        <div class=\"item-meta-media\">\n\t\t\t\t\t\t\t<a href=\"#\" data-images=\"[{&quot;image_id&quot;:13519,&quot;image&quot;:&quot;https:\\\/\\\/dailymoroccovacation.com\\\/wp-content\\\/uploads\\\/2022\\\/12\\\/daily-morocco-vacation-5-in-morocco.webp&quot;,&quot;description&quot;:&quot;Viaje de 4 d\\u00edas desde Fes a Merzouga.&quot;},{&quot;image_id&quot;:13435,&quot;image&quot;:&quot;https:\\\/\\\/dailymoroccovacation.com\\\/wp-content\\\/uploads\\\/2022\\\/12\\\/morocco-desert-tour-7.jpg&quot;,&quot;description&quot;:&quot;Viaje de 4 d\\u00edas desde Fes a Merzouga.&quot;},{&quot;image_id&quot;:13228,&quot;image&quot;:&quot;https:\\\/\\\/dailymoroccovacation.com\\\/wp-content\\\/uploads\\\/2022\\\/12\\\/tannery-fez.webp&quot;,&quot;description&quot;:&quot;Viaje de 4 d\\u00edas desde Fes a Merzouga.&quot;},{&quot;image_id&quot;:12597,&quot;image&quot;:&quot;https:\\\/\\\/dailymoroccovacation.com\\\/wp-content\\\/uploads\\\/2022\\\/11\\\/3-days-private-tour-to-marrakech-throught-sahara-desert-from-fes-dailymoroccovacation.jpeg&quot;,&quot;description&quot;:&quot;Viaje de 4 d\\u00edas desde Fes a Merzouga.&quot;}]\" class=\"item-gallery item-meta-value\"><i class=\"triply-icon-camera-alt\"><\/i><span>4<\/span><\/a>                        <\/div>\n\t\t\t\t\t                <\/div>\n            <\/div>\n            <div class=\"item_title\">\n                <a href=\"https:\/\/dailymoroccovacation.com\/es\/to_book\/viaje-privado-de-cuatro-dias-de-fez-a-merzuga\/\">Viaje de 4 d\u00edas desde Fes a Merzouga.<\/a>\n            <\/div>\n\t\t\t                <div class=\"item-location\">\n                    <i class=\"triply-icon-map-marker-alt\"><\/i><span>Marruecos ,Fez<\/span>\n                <\/div>\n\t\t\t\t            <div class=\"item-bottom\">\n                <div class=\"item_info_price\">\n                    <label><\/label>\n                    <span class=\"item_info_price_new\"><span class=\"currency_amount\" data-amount=\"400\"><span class=\"currency_symbol\">&#36;<\/span>400<\/span><\/span>\n\t\t\t\t\t                <\/div>\n                <a class=\"read-more-item\" href=\"https:\/\/dailymoroccovacation.com\/es\/to_book\/viaje-privado-de-cuatro-dias-de-fez-a-merzuga\/\">Explore                    <i class=\"triply-icon-long-arrow-right\"><\/i><\/a>\n            <\/div>\n\n        <\/div>\n    <\/div>\n<\/div>\n\n\n<div class=\"babe_items babe_items_1 column-item\">\n    <div class=\"babe_all_items_item_inner\">\n        <div class=\"item_img\">\n\t\t\t\t\t\t<a class=\"item-thumb\" href=\"https:\/\/dailymoroccovacation.com\/es\/to_book\/viaje-privado-de-5-dias-de-fez-al-desierto-de-merzouga\/\"><img decoding=\"async\" src=\"https:\/\/dailymoroccovacation.com\/wp-content\/uploads\/2022\/12\/fille-joue-du-sable-dans-desert-du-sahara-erg-chebbi-merzouga-maroc_129479-521_1.webp\" alt=\"Viaje de 5 d\u00edas desde Fez al desierto de Merzouga\"><\/a>\t\t\t        <\/div>\n        <div class=\"item_text\">\n            <div class=\"item-meta\">\n                <div class=\"item-meta-left\">\n\t\t\t\t\t<span class=\"item-days item-meta-value\"><i class=\"triply-icon-calendar\"><\/i><span>5 d\u00edas<\/span><\/span><span class=\"item-user item-meta-value\"><i class=\"triply-icon-user\"><\/i><span>1<\/span><\/span>                <\/div>\n                <div class=\"item-meta-right\">\n\t\t\t\t\t                        <div class=\"item-meta-media\">\n\t\t\t\t\t\t\t<a href=\"#\" data-images=\"[{&quot;image_id&quot;:13544,&quot;image&quot;:&quot;https:\\\/\\\/dailymoroccovacation.com\\\/wp-content\\\/uploads\\\/2022\\\/12\\\/fille-solitaire-dans-desert-du-sahara-au-coucher-du-soleil-erg-chebbi-merzouga-maroc_129479-410_1.webp&quot;,&quot;description&quot;:&quot;5 d\\u00edas de viaje desde Fez al desierto de Merzouga&quot;},{&quot;image_id&quot;:13546,&quot;image&quot;:&quot;https:\\\/\\\/dailymoroccovacation.com\\\/wp-content\\\/uploads\\\/2022\\\/12\\\/fille-joue-du-sable-dans-desert-du-sahara-erg-chebbi-merzouga-maroc_129479-421_1.webp&quot;,&quot;description&quot;:&quot;5 d\\u00edas de viaje desde Fez al desierto de Merzouga&quot;},{&quot;image_id&quot;:13521,&quot;image&quot;:&quot;https:\\\/\\\/dailymoroccovacation.com\\\/wp-content\\\/uploads\\\/2022\\\/12\\\/daily-morocco-vacation-7-in-morocco.webp&quot;,&quot;description&quot;:&quot;5 d\\u00edas de viaje desde Fez al desierto de Merzouga&quot;},{&quot;image_id&quot;:13435,&quot;image&quot;:&quot;https:\\\/\\\/dailymoroccovacation.com\\\/wp-content\\\/uploads\\\/2022\\\/12\\\/morocco-desert-tour-7.jpg&quot;,&quot;description&quot;:&quot;5 d\\u00edas de viaje desde Fez al desierto de Merzouga&quot;},{&quot;image_id&quot;:13331,&quot;image&quot;:&quot;https:\\\/\\\/dailymoroccovacation.com\\\/wp-content\\\/uploads\\\/2022\\\/12\\\/daily-tours-from-morocco-usa-3.webp&quot;,&quot;description&quot;:&quot;5 d\\u00edas de viaje desde Fez al desierto de Merzouga&quot;},{&quot;image_id&quot;:13540,&quot;image&quot;:&quot;https:\\\/\\\/dailymoroccovacation.com\\\/wp-content\\\/uploads\\\/2022\\\/12\\\/stylish-smiling-beautiful-happy-woman-running-and-jumping-in-desert-sand-in-white-outfit-wearing-straw-hat-on-sunset-scaled.jpg&quot;,&quot;description&quot;:&quot;5 d\\u00edas de viaje desde Fez al desierto de Merzouga&quot;}]\" class=\"item-gallery item-meta-value\"><i class=\"triply-icon-camera-alt\"><\/i><span>6<\/span><\/a>                        <\/div>\n\t\t\t\t\t                <\/div>\n            <\/div>\n            <div class=\"item_title\">\n                <a href=\"https:\/\/dailymoroccovacation.com\/es\/to_book\/viaje-privado-de-5-dias-de-fez-al-desierto-de-merzouga\/\">Viaje de 5 d\u00edas desde Fez al desierto de Merzouga<\/a>\n            <\/div>\n\t\t\t                <div class=\"item-location\">\n                    <i class=\"triply-icon-map-marker-alt\"><\/i><span>Marruecos ,Fes<\/span>\n                <\/div>\n\t\t\t\t            <div class=\"item-bottom\">\n                <div class=\"item_info_price\">\n                    <label><\/label>\n                    <span class=\"item_info_price_new\"><span class=\"currency_amount\" data-amount=\"400\"><span class=\"currency_symbol\">&#36;<\/span>400<\/span><\/span>\n\t\t\t\t\t                <\/div>\n                <a class=\"read-more-item\" href=\"https:\/\/dailymoroccovacation.com\/es\/to_book\/viaje-privado-de-5-dias-de-fez-al-desierto-de-merzouga\/\">Explore                    <i class=\"triply-icon-long-arrow-right\"><\/i><\/a>\n            <\/div>\n\n        <\/div>\n    <\/div>\n<\/div>\n\n\n\n\t\t\t\t\t\t<\/div>\n\t\t\t\t\t\t\n\t\t\t\t\t<\/div>\n\t\t\t\t<\/div>\n\t\t\t<\/div>\t\t\t\t<\/div>\n\t\t\t\t<\/div>\n\t\t\t\t<div class=\"elementor-element elementor-element-b3ae789 elementor-align-center elementor-widget elementor-widget-button\" data-id=\"b3ae789\" data-element_type=\"widget\" data-widget_type=\"button.default\">\n\t\t\t\t<div class=\"elementor-widget-container\">\n\t\t\t\t\t\t\t\t\t<div class=\"elementor-button-wrapper\">\n\t\t\t\t\t<a class=\"elementor-button elementor-button-link elementor-size-sm\" href=\"https:\/\/dailymoroccovacation.com\/es\/all-tours\/\">\n\t\t\t\t\t\t<span class=\"elementor-button-content-wrapper\">\n\t\t\t\t\t\t<span class=\"elementor-button-icon\">\n\t\t\t\t<i aria-hidden=\"true\" class=\"triply-icon- triply-icon-long-arrow-right\"><\/i>\t\t\t<\/span>\n\t\t\t\t\t\t\t\t\t<span class=\"elementor-button-text\">Ver todos los tours populares<\/span>\n\t\t\t\t\t<\/span>\n\t\t\t\t\t<\/a>\n\t\t\t\t<\/div>\n\t\t\t\t\t\t\t\t<\/div>\n\t\t\t\t<\/div>\n\t\t\t\t\t<\/div>\n\t\t<\/div>\n\t\t\t\t\t<\/div>\n\t\t<\/div>\n\t\t\t\t<\/div>\n\t\t","protected":false},"excerpt":{"rendered":"<p>Excursiones desde Fez 1 5 Tres d\u00edas de Fez a Merzouga Marruecos ,Fez From &#36;400.00 Explore 1 4 Viaje privado de cuatro d\u00edas de Fez a Merzuga. Marruecos ,Fez From &#36;400.00 Explore 5 days1 6 Viaje privado de 5 d\u00edas de Fez al desierto de Merzouga Marruecos ,Fes From &#36;400.00 Explore Ver todos los tours [&hellip;]<\/p>\n","protected":false},"author":1,"featured_media":0,"parent":0,"menu_order":0,"comment_status":"closed","ping_status":"closed","template":"","meta":{"inline_featured_image":false,"footnotes":""},"class_list":["post-14546","page","type-page","status-publish","hentry"],"yoast_head":"<!-- This site is optimized with the Yoast SEO plugin v26.2 - https:\/\/yoast.com\/wordpress\/plugins\/seo\/ -->\n<title>Excursiones desde Fez | Daily Morocco Vacation<\/title>\n<meta name=\"description\" content=\"Los recorridos populares incluyen Chefchaouen, las poderosas monta\u00f1as del Medio Atlas, la hist\u00f3rica Meknes, la romana Volubilis y el Santo Moulay Idriss.\" \/>\n<meta name=\"robots\" content=\"index, follow, max-snippet:-1, max-image-preview:large, max-video-preview:-1\" \/>\n<link rel=\"canonical\" href=\"https:\/\/dailymoroccovacation.com\/es\/excursiones-desde-fez\/\" \/>\n<meta property=\"og:locale\" content=\"es_ES\" \/>\n<meta property=\"og:type\" content=\"article\" \/>\n<meta property=\"og:title\" content=\"Excursiones desde Fez | Daily Morocco Vacation\" \/>\n<meta property=\"og:description\" content=\"Los recorridos populares incluyen Chefchaouen, las poderosas monta\u00f1as del Medio Atlas, la hist\u00f3rica Meknes, la romana Volubilis y el Santo Moulay Idriss.\" \/>\n<meta property=\"og:url\" content=\"https:\/\/dailymoroccovacation.com\/es\/excursiones-desde-fez\/\" \/>\n<meta property=\"og:site_name\" content=\"Daily Morocco Vacation\" \/>\n<meta property=\"article:publisher\" content=\"https:\/\/www.facebook.com\/profile.php?id=100088809386408\" \/>\n<meta property=\"article:modified_time\" content=\"2023-11-13T12:32:46+00:00\" \/>\n<meta property=\"og:image\" content=\"https:\/\/dailymoroccovacation.com\/wp-content\/uploads\/2022\/12\/morocco-love-tours-2-820x520.jpg\" \/>\n<meta name=\"twitter:card\" content=\"summary_large_image\" \/>\n<meta name=\"twitter:label1\" content=\"Tiempo de lectura\" \/>\n\t<meta name=\"twitter:data1\" content=\"1 minuto\" \/>\n<script type=\"application\/ld+json\" class=\"yoast-schema-graph\">{\"@context\":\"https:\/\/schema.org\",\"@graph\":[{\"@type\":\"WebPage\",\"@id\":\"https:\/\/dailymoroccovacation.com\/es\/excursiones-desde-fez\/\",\"url\":\"https:\/\/dailymoroccovacation.com\/es\/excursiones-desde-fez\/\",\"name\":\"Excursiones desde Fez | Daily Morocco Vacation\",\"isPartOf\":{\"@id\":\"https:\/\/dailymoroccovacation.com\/#website\"},\"primaryImageOfPage\":{\"@id\":\"https:\/\/dailymoroccovacation.com\/es\/excursiones-desde-fez\/#primaryimage\"},\"image\":{\"@id\":\"https:\/\/dailymoroccovacation.com\/es\/excursiones-desde-fez\/#primaryimage\"},\"thumbnailUrl\":\"https:\/\/dailymoroccovacation.com\/wp-content\/uploads\/2022\/12\/morocco-love-tours-2-820x520.jpg\",\"datePublished\":\"2022-10-24T23:17:43+00:00\",\"dateModified\":\"2023-11-13T12:32:46+00:00\",\"description\":\"Los recorridos populares incluyen Chefchaouen, las poderosas monta\u00f1as del Medio Atlas, la hist\u00f3rica Meknes, la romana Volubilis y el Santo Moulay Idriss.\",\"breadcrumb\":{\"@id\":\"https:\/\/dailymoroccovacation.com\/es\/excursiones-desde-fez\/#breadcrumb\"},\"inLanguage\":\"es\",\"potentialAction\":[{\"@type\":\"ReadAction\",\"target\":[\"https:\/\/dailymoroccovacation.com\/es\/excursiones-desde-fez\/\"]}]},{\"@type\":\"ImageObject\",\"inLanguage\":\"es\",\"@id\":\"https:\/\/dailymoroccovacation.com\/es\/excursiones-desde-fez\/#primaryimage\",\"url\":\"https:\/\/dailymoroccovacation.com\/wp-content\/uploads\/2022\/12\/morocco-love-tours-2-820x520.jpg\",\"contentUrl\":\"https:\/\/dailymoroccovacation.com\/wp-content\/uploads\/2022\/12\/morocco-love-tours-2-820x520.jpg\"},{\"@type\":\"BreadcrumbList\",\"@id\":\"https:\/\/dailymoroccovacation.com\/es\/excursiones-desde-fez\/#breadcrumb\",\"itemListElement\":[{\"@type\":\"ListItem\",\"position\":1,\"name\":\"Home\",\"item\":\"https:\/\/dailymoroccovacation.com\/es\/\"},{\"@type\":\"ListItem\",\"position\":2,\"name\":\"Excursiones desde Fez\"}]},{\"@type\":\"WebSite\",\"@id\":\"https:\/\/dailymoroccovacation.com\/#website\",\"url\":\"https:\/\/dailymoroccovacation.com\/\",\"name\":\"Daily Morocco Vacation\",\"description\":\"Just another WordPress site\",\"publisher\":{\"@id\":\"https:\/\/dailymoroccovacation.com\/#organization\"},\"potentialAction\":[{\"@type\":\"SearchAction\",\"target\":{\"@type\":\"EntryPoint\",\"urlTemplate\":\"https:\/\/dailymoroccovacation.com\/?s={search_term_string}\"},\"query-input\":{\"@type\":\"PropertyValueSpecification\",\"valueRequired\":true,\"valueName\":\"search_term_string\"}}],\"inLanguage\":\"es\"},{\"@type\":\"Organization\",\"@id\":\"https:\/\/dailymoroccovacation.com\/#organization\",\"name\":\"Daily Morocco Vacation\",\"url\":\"https:\/\/dailymoroccovacation.com\/\",\"logo\":{\"@type\":\"ImageObject\",\"inLanguage\":\"es\",\"@id\":\"https:\/\/dailymoroccovacation.com\/#\/schema\/logo\/image\/\",\"url\":\"https:\/\/dailymoroccovacation.com\/wp-content\/uploads\/2020\/11\/Daily_Morocco_Vacation-removebg-preview-e1668087642616.png\",\"contentUrl\":\"https:\/\/dailymoroccovacation.com\/wp-content\/uploads\/2020\/11\/Daily_Morocco_Vacation-removebg-preview-e1668087642616.png\",\"width\":356,\"height\":217,\"caption\":\"Daily Morocco Vacation\"},\"image\":{\"@id\":\"https:\/\/dailymoroccovacation.com\/#\/schema\/logo\/image\/\"},\"sameAs\":[\"https:\/\/www.facebook.com\/profile.php?id=100088809386408\",\"https:\/\/instagram.com\/dailymoroccovacation?igshid=NzZlODBkYWE4Ng==\",\"https:\/\/www.pinterest.com\/dailymoroccovacation\/\",\"https:\/\/www.linkedin.com\/company\/daily-morocco-vacation\/about\/?viewAsMember=true\",\"https:\/\/www.tiktok.com\/@dailymoroccovacation?_r=1&_d=e76kkghjb10dfl&sec_uid=MS4wLjABAAAADxDRT5ONtS3PjxY4ZE9Ropzu9awvLb459plZBMADerWTUf2J3ckuBtabjc6PdIfQ&share_author_id=6731039243287086085&sharer_language=fr&source=h5_m&u_code=d839a38779f427&timestamp=1700341714&user_id=6731039243287086085&sec_user_id=MS4wLjABAAAADxDRT5ONtS3PjxY4ZE9Ropzu9awvLb459plZBMADerWTUf2J3ckuBtabjc6PdIfQ&utm_source=copy&utm_campaign=client_share&utm_medium=android&share_iid=7283070259069568774&share_link_id=2b560c6a-f035-48d4-9534-0edd7f9c53a4&share_app_id=1233&ugbiz_name=ACCOUNT&ug_btm=b8727,b0229&social_share_type=5\"]}]}<\/script>\n<!-- \/ Yoast SEO plugin. -->","yoast_head_json":{"title":"Excursiones desde Fez | Daily Morocco Vacation","description":"Los recorridos populares incluyen Chefchaouen, las poderosas monta\u00f1as del Medio Atlas, la hist\u00f3rica Meknes, la romana Volubilis y el Santo Moulay Idriss.","robots":{"index":"index","follow":"follow","max-snippet":"max-snippet:-1","max-image-preview":"max-image-preview:large","max-video-preview":"max-video-preview:-1"},"canonical":"https:\/\/dailymoroccovacation.com\/es\/excursiones-desde-fez\/","og_locale":"es_ES","og_type":"article","og_title":"Excursiones desde Fez | Daily Morocco Vacation","og_description":"Los recorridos populares incluyen Chefchaouen, las poderosas monta\u00f1as del Medio Atlas, la hist\u00f3rica Meknes, la romana Volubilis y el Santo Moulay Idriss.","og_url":"https:\/\/dailymoroccovacation.com\/es\/excursiones-desde-fez\/","og_site_name":"Daily Morocco Vacation","article_publisher":"https:\/\/www.facebook.com\/profile.php?id=100088809386408","article_modified_time":"2023-11-13T12:32:46+00:00","og_image":[{"url":"https:\/\/dailymoroccovacation.com\/wp-content\/uploads\/2022\/12\/morocco-love-tours-2-820x520.jpg","type":"","width":"","height":""}],"twitter_card":"summary_large_image","twitter_misc":{"Tiempo de lectura":"1 minuto"},"schema":{"@context":"https:\/\/schema.org","@graph":[{"@type":"WebPage","@id":"https:\/\/dailymoroccovacation.com\/es\/excursiones-desde-fez\/","url":"https:\/\/dailymoroccovacation.com\/es\/excursiones-desde-fez\/","name":"Excursiones desde Fez | Daily Morocco Vacation","isPartOf":{"@id":"https:\/\/dailymoroccovacation.com\/#website"},"primaryImageOfPage":{"@id":"https:\/\/dailymoroccovacation.com\/es\/excursiones-desde-fez\/#primaryimage"},"image":{"@id":"https:\/\/dailymoroccovacation.com\/es\/excursiones-desde-fez\/#primaryimage"},"thumbnailUrl":"https:\/\/dailymoroccovacation.com\/wp-content\/uploads\/2022\/12\/morocco-love-tours-2-820x520.jpg","datePublished":"2022-10-24T23:17:43+00:00","dateModified":"2023-11-13T12:32:46+00:00","description":"Los recorridos populares incluyen Chefchaouen, las poderosas monta\u00f1as del Medio Atlas, la hist\u00f3rica Meknes, la romana Volubilis y el Santo Moulay Idriss.","breadcrumb":{"@id":"https:\/\/dailymoroccovacation.com\/es\/excursiones-desde-fez\/#breadcrumb"},"inLanguage":"es","potentialAction":[{"@type":"ReadAction","target":["https:\/\/dailymoroccovacation.com\/es\/excursiones-desde-fez\/"]}]},{"@type":"ImageObject","inLanguage":"es","@id":"https:\/\/dailymoroccovacation.com\/es\/excursiones-desde-fez\/#primaryimage","url":"https:\/\/dailymoroccovacation.com\/wp-content\/uploads\/2022\/12\/morocco-love-tours-2-820x520.jpg","contentUrl":"https:\/\/dailymoroccovacation.com\/wp-content\/uploads\/2022\/12\/morocco-love-tours-2-820x520.jpg"},{"@type":"BreadcrumbList","@id":"https:\/\/dailymoroccovacation.com\/es\/excursiones-desde-fez\/#breadcrumb","itemListElement":[{"@type":"ListItem","position":1,"name":"Home","item":"https:\/\/dailymoroccovacation.com\/es\/"},{"@type":"ListItem","position":2,"name":"Excursiones desde Fez"}]},{"@type":"WebSite","@id":"https:\/\/dailymoroccovacation.com\/#website","url":"https:\/\/dailymoroccovacation.com\/","name":"Daily Morocco Vacation","description":"Just another WordPress site","publisher":{"@id":"https:\/\/dailymoroccovacation.com\/#organization"},"potentialAction":[{"@type":"SearchAction","target":{"@type":"EntryPoint","urlTemplate":"https:\/\/dailymoroccovacation.com\/?s={search_term_string}"},"query-input":{"@type":"PropertyValueSpecification","valueRequired":true,"valueName":"search_term_string"}}],"inLanguage":"es"},{"@type":"Organization","@id":"https:\/\/dailymoroccovacation.com\/#organization","name":"Daily Morocco Vacation","url":"https:\/\/dailymoroccovacation.com\/","logo":{"@type":"ImageObject","inLanguage":"es","@id":"https:\/\/dailymoroccovacation.com\/#\/schema\/logo\/image\/","url":"https:\/\/dailymoroccovacation.com\/wp-content\/uploads\/2020\/11\/Daily_Morocco_Vacation-removebg-preview-e1668087642616.png","contentUrl":"https:\/\/dailymoroccovacation.com\/wp-content\/uploads\/2020\/11\/Daily_Morocco_Vacation-removebg-preview-e1668087642616.png","width":356,"height":217,"caption":"Daily Morocco Vacation"},"image":{"@id":"https:\/\/dailymoroccovacation.com\/#\/schema\/logo\/image\/"},"sameAs":["https:\/\/www.facebook.com\/profile.php?id=100088809386408","https:\/\/instagram.com\/dailymoroccovacation?igshid=NzZlODBkYWE4Ng==","https:\/\/www.pinterest.com\/dailymoroccovacation\/","https:\/\/www.linkedin.com\/company\/daily-morocco-vacation\/about\/?viewAsMember=true","https:\/\/www.tiktok.com\/@dailymoroccovacation?_r=1&_d=e76kkghjb10dfl&sec_uid=MS4wLjABAAAADxDRT5ONtS3PjxY4ZE9Ropzu9awvLb459plZBMADerWTUf2J3ckuBtabjc6PdIfQ&share_author_id=6731039243287086085&sharer_language=fr&source=h5_m&u_code=d839a38779f427&timestamp=1700341714&user_id=6731039243287086085&sec_user_id=MS4wLjABAAAADxDRT5ONtS3PjxY4ZE9Ropzu9awvLb459plZBMADerWTUf2J3ckuBtabjc6PdIfQ&utm_source=copy&utm_campaign=client_share&utm_medium=android&share_iid=7283070259069568774&share_link_id=2b560c6a-f035-48d4-9534-0edd7f9c53a4&share_app_id=1233&ugbiz_name=ACCOUNT&ug_btm=b8727,b0229&social_share_type=5"]}]}},"_links":{"self":[{"href":"https:\/\/dailymoroccovacation.com\/es\/wp-json\/wp\/v2\/pages\/14546","targetHints":{"allow":["GET"]}}],"collection":[{"href":"https:\/\/dailymoroccovacation.com\/es\/wp-json\/wp\/v2\/pages"}],"about":[{"href":"https:\/\/dailymoroccovacation.com\/es\/wp-json\/wp\/v2\/types\/page"}],"author":[{"embeddable":true,"href":"https:\/\/dailymoroccovacation.com\/es\/wp-json\/wp\/v2\/users\/1"}],"replies":[{"embeddable":true,"href":"https:\/\/dailymoroccovacation.com\/es\/wp-json\/wp\/v2\/comments?post=14546"}],"version-history":[{"count":7,"href":"https:\/\/dailymoroccovacation.com\/es\/wp-json\/wp\/v2\/pages\/14546\/revisions"}],"predecessor-version":[{"id":14553,"href":"https:\/\/dailymoroccovacation.com\/es\/wp-json\/wp\/v2\/pages\/14546\/revisions\/14553"}],"wp:attachment":[{"href":"https:\/\/dailymoroccovacation.com\/es\/wp-json\/wp\/v2\/media?parent=14546"}],"curies":[{"name":"wp","href":"https:\/\/api.w.org\/{rel}","templated":true}]}}