{"id":14003,"date":"2022-11-30T17:50:23","date_gmt":"2022-11-30T17:50:23","guid":{"rendered":"https:\/\/dailymoroccovacation.com\/por-que-elegirnos\/"},"modified":"2023-11-13T12:14:07","modified_gmt":"2023-11-13T12:14:07","slug":"por-que-elegirnos","status":"publish","type":"page","link":"https:\/\/dailymoroccovacation.com\/es\/por-que-elegirnos\/","title":{"rendered":"por qu\u00e9 elegirnos"},"content":{"rendered":"\t\t<div data-elementor-type=\"wp-page\" data-elementor-id=\"14003\" class=\"elementor elementor-14003 elementor-12657\" data-elementor-post-type=\"page\">\n\t\t\t\t\t\t<section class=\"elementor-section elementor-top-section elementor-element elementor-element-dcdf084 elementor-section-boxed elementor-section-height-default elementor-section-height-default\" data-id=\"dcdf084\" data-element_type=\"section\">\n\t\t\t\t\t\t<div class=\"elementor-container elementor-column-gap-default\">\n\t\t\t\t\t<div class=\"elementor-column elementor-col-100 elementor-top-column elementor-element elementor-element-c4987c1\" data-id=\"c4987c1\" data-element_type=\"column\">\n\t\t\t<div class=\"elementor-widget-wrap elementor-element-populated\">\n\t\t\t\t\t\t<div class=\"elementor-element elementor-element-89e61eb elementor-widget elementor-widget-heading\" data-id=\"89e61eb\" data-element_type=\"widget\" data-widget_type=\"heading.default\">\n\t\t\t\t<div class=\"elementor-widget-container\">\n\t\t\t\t\t<h1 class=\"elementor-heading-title elementor-size-default\">por qu\u00e9 elegirnos<\/h1>\t\t\t\t<\/div>\n\t\t\t\t<\/div>\n\t\t\t\t\t<\/div>\n\t\t<\/div>\n\t\t\t\t\t<\/div>\n\t\t<\/section>\n\t\t\t\t<section class=\"elementor-section elementor-top-section elementor-element elementor-element-44ec380 elementor-section-boxed elementor-section-height-default elementor-section-height-default\" data-id=\"44ec380\" data-element_type=\"section\">\n\t\t\t\t\t\t<div class=\"elementor-container elementor-column-gap-default\">\n\t\t\t\t\t<div class=\"elementor-column elementor-col-100 elementor-top-column elementor-element elementor-element-4485f08\" data-id=\"4485f08\" data-element_type=\"column\">\n\t\t\t<div class=\"elementor-widget-wrap elementor-element-populated\">\n\t\t\t\t\t\t<div class=\"elementor-element elementor-element-c1d6674 elementor-widget elementor-widget-text-editor\" data-id=\"c1d6674\" data-element_type=\"widget\" data-widget_type=\"text-editor.default\">\n\t\t\t\t<div class=\"elementor-widget-container\">\n\t\t\t\t\t\t\t\t\t<p>En Internet hay muchas ofertas de viajes y <b>circuitos por Marruecos,<\/b> pero \u00bfc\u00f3mo saber cu\u00e1l es la mejor?<\/p>\n<p>Somos \u00ab<b>Daily Morocco Vcation<\/b>\u00bb una empresa de gran reputaci\u00f3n en el pa\u00eds. Ofrecemos una amplia variedad de buenos servicios con precios razonables para garantizar una estancia c\u00f3moda y agradable en Marruecos y hacer que su viaje merezca la pena. Nuestro objetivo es ayudarle a organizar sus vacaciones seg\u00fan sus intereses y presupuesto. Le acompa\u00f1ar\u00e1n gu\u00edas y conductores multiling\u00fces que le dar\u00e1n la oportunidad de descubrir la arquitectura, la comida, la gente&#8230; y la historia de Marruecos, siempre dispuestos a ayudarle.<\/p>\n<p>Nuestros servicios de alta calidad incluyen:<\/p>\n<ul>\n<li>Excursiones por el desierto: compartidas, privadas y de lujo.<\/li>\n<li>Arreglos de lujo a petici\u00f3n.<\/li>\n<li>Visitas de un d\u00eda a otras ciudades interesantes.<\/li>\n<li>Actividades: Paseos en camello, senderismo, animaci\u00f3n musical y acampada.<\/li>\n<li>Traslado al aeropuerto, traslado al hotel.<\/li>\n<li>Desayuno y cena durante las excursiones.<\/li>\n<\/ul>\n<h3>Satisfacci\u00f3n garantizada<\/h3>\n<ol type=\"1\">\n<li style=\"list-style-type: none;\"> Porque queremos que quede completamente satisfecho, ponemos a su disposici\u00f3n un n\u00famero de asistencia en viaje operativo las 24 horas del d\u00eda y le ofrecemos cruceros 4&#215;4 y minibuses perfectamente mantenidos y dotados de potentes aparatos de aire acondicionado. Nuestros ch\u00f3feres\/gu\u00edas multiling\u00fces, capaces de comunicarse en ingl\u00e9s, franc\u00e9s y a veces espa\u00f1ol, son grandes conocedores de la verdadera historia de Marruecos y se saben todas las ciudades de memoria hasta el punto de poder guiarle a visitar algunas zonas poco frecuentadas por el p\u00fablico as\u00ed que venga a disfrutar de su <b style=\"color: var( --e-global-color-text ); text-align: justify;\">\u00a1gira con<\/b> <span style=\"color: var( --e-global-color-text ); text-align: justify;\">nosotros<\/span>!<\/li>\n<\/ol>\n\t\t\t\t\t\t\t\t<\/div>\n\t\t\t\t<\/div>\n\t\t\t\t\t<\/div>\n\t\t<\/div>\n\t\t\t\t\t<\/div>\n\t\t<\/section>\n\t\t\t\t<\/div>\n\t\t","protected":false},"excerpt":{"rendered":"<p>por qu\u00e9 elegirnos En Internet hay muchas ofertas de viajes y circuitos por Marruecos, pero \u00bfc\u00f3mo saber cu\u00e1l es la mejor? Somos \u00abDaily Morocco Vcation\u00bb una empresa de gran reputaci\u00f3n en el pa\u00eds. Ofrecemos una amplia variedad de buenos servicios con precios razonables para garantizar una estancia c\u00f3moda y agradable en Marruecos y hacer que [&hellip;]<\/p>\n","protected":false},"author":1,"featured_media":0,"parent":0,"menu_order":0,"comment_status":"closed","ping_status":"closed","template":"","meta":{"inline_featured_image":false,"footnotes":""},"class_list":["post-14003","page","type-page","status-publish","hentry"],"yoast_head":"<!-- This site is optimized with the Yoast SEO plugin v26.2 - https:\/\/yoast.com\/wordpress\/plugins\/seo\/ -->\n<title>por qu\u00e9 elegirnos | Daily Morocco Vacation<\/title>\n<meta name=\"description\" content=\"En Internet hay muchas ofertas de viajes y circuitos por Marruecos, pero \u00bfc\u00f3mo saber cu\u00e1l es la mejor?\" \/>\n<meta name=\"robots\" content=\"index, follow, max-snippet:-1, max-image-preview:large, max-video-preview:-1\" \/>\n<link rel=\"canonical\" href=\"https:\/\/dailymoroccovacation.com\/es\/por-que-elegirnos\/\" \/>\n<meta property=\"og:locale\" content=\"es_ES\" \/>\n<meta property=\"og:type\" content=\"article\" \/>\n<meta property=\"og:title\" content=\"por qu\u00e9 elegirnos | Daily Morocco Vacation\" \/>\n<meta property=\"og:description\" content=\"En Internet hay muchas ofertas de viajes y circuitos por Marruecos, pero \u00bfc\u00f3mo saber cu\u00e1l es la mejor?\" \/>\n<meta property=\"og:url\" content=\"https:\/\/dailymoroccovacation.com\/es\/por-que-elegirnos\/\" \/>\n<meta property=\"og:site_name\" content=\"Daily Morocco Vacation\" \/>\n<meta property=\"article:publisher\" content=\"https:\/\/www.facebook.com\/profile.php?id=100088809386408\" \/>\n<meta property=\"article:modified_time\" content=\"2023-11-13T12:14:07+00:00\" \/>\n<meta name=\"twitter:card\" content=\"summary_large_image\" \/>\n<meta name=\"twitter:label1\" content=\"Tiempo de lectura\" \/>\n\t<meta name=\"twitter:data1\" content=\"1 minuto\" \/>\n<script type=\"application\/ld+json\" class=\"yoast-schema-graph\">{\"@context\":\"https:\/\/schema.org\",\"@graph\":[{\"@type\":\"WebPage\",\"@id\":\"https:\/\/dailymoroccovacation.com\/es\/por-que-elegirnos\/\",\"url\":\"https:\/\/dailymoroccovacation.com\/es\/por-que-elegirnos\/\",\"name\":\"por qu\u00e9 elegirnos | Daily Morocco Vacation\",\"isPartOf\":{\"@id\":\"https:\/\/dailymoroccovacation.com\/#website\"},\"datePublished\":\"2022-11-30T17:50:23+00:00\",\"dateModified\":\"2023-11-13T12:14:07+00:00\",\"description\":\"En Internet hay muchas ofertas de viajes y circuitos por Marruecos, pero \u00bfc\u00f3mo saber cu\u00e1l es la mejor?\",\"breadcrumb\":{\"@id\":\"https:\/\/dailymoroccovacation.com\/es\/por-que-elegirnos\/#breadcrumb\"},\"inLanguage\":\"es\",\"potentialAction\":[{\"@type\":\"ReadAction\",\"target\":[\"https:\/\/dailymoroccovacation.com\/es\/por-que-elegirnos\/\"]}]},{\"@type\":\"BreadcrumbList\",\"@id\":\"https:\/\/dailymoroccovacation.com\/es\/por-que-elegirnos\/#breadcrumb\",\"itemListElement\":[{\"@type\":\"ListItem\",\"position\":1,\"name\":\"Home\",\"item\":\"https:\/\/dailymoroccovacation.com\/es\/\"},{\"@type\":\"ListItem\",\"position\":2,\"name\":\"por qu\u00e9 elegirnos\"}]},{\"@type\":\"WebSite\",\"@id\":\"https:\/\/dailymoroccovacation.com\/#website\",\"url\":\"https:\/\/dailymoroccovacation.com\/\",\"name\":\"Daily Morocco Vacation\",\"description\":\"Just another WordPress site\",\"publisher\":{\"@id\":\"https:\/\/dailymoroccovacation.com\/#organization\"},\"potentialAction\":[{\"@type\":\"SearchAction\",\"target\":{\"@type\":\"EntryPoint\",\"urlTemplate\":\"https:\/\/dailymoroccovacation.com\/?s={search_term_string}\"},\"query-input\":{\"@type\":\"PropertyValueSpecification\",\"valueRequired\":true,\"valueName\":\"search_term_string\"}}],\"inLanguage\":\"es\"},{\"@type\":\"Organization\",\"@id\":\"https:\/\/dailymoroccovacation.com\/#organization\",\"name\":\"Daily Morocco Vacation\",\"url\":\"https:\/\/dailymoroccovacation.com\/\",\"logo\":{\"@type\":\"ImageObject\",\"inLanguage\":\"es\",\"@id\":\"https:\/\/dailymoroccovacation.com\/#\/schema\/logo\/image\/\",\"url\":\"https:\/\/dailymoroccovacation.com\/wp-content\/uploads\/2020\/11\/Daily_Morocco_Vacation-removebg-preview-e1668087642616.png\",\"contentUrl\":\"https:\/\/dailymoroccovacation.com\/wp-content\/uploads\/2020\/11\/Daily_Morocco_Vacation-removebg-preview-e1668087642616.png\",\"width\":356,\"height\":217,\"caption\":\"Daily Morocco Vacation\"},\"image\":{\"@id\":\"https:\/\/dailymoroccovacation.com\/#\/schema\/logo\/image\/\"},\"sameAs\":[\"https:\/\/www.facebook.com\/profile.php?id=100088809386408\",\"https:\/\/instagram.com\/dailymoroccovacation?igshid=NzZlODBkYWE4Ng==\",\"https:\/\/www.pinterest.com\/dailymoroccovacation\/\",\"https:\/\/www.linkedin.com\/company\/daily-morocco-vacation\/about\/?viewAsMember=true\",\"https:\/\/www.tiktok.com\/@dailymoroccovacation?_r=1&_d=e76kkghjb10dfl&sec_uid=MS4wLjABAAAADxDRT5ONtS3PjxY4ZE9Ropzu9awvLb459plZBMADerWTUf2J3ckuBtabjc6PdIfQ&share_author_id=6731039243287086085&sharer_language=fr&source=h5_m&u_code=d839a38779f427&timestamp=1700341714&user_id=6731039243287086085&sec_user_id=MS4wLjABAAAADxDRT5ONtS3PjxY4ZE9Ropzu9awvLb459plZBMADerWTUf2J3ckuBtabjc6PdIfQ&utm_source=copy&utm_campaign=client_share&utm_medium=android&share_iid=7283070259069568774&share_link_id=2b560c6a-f035-48d4-9534-0edd7f9c53a4&share_app_id=1233&ugbiz_name=ACCOUNT&ug_btm=b8727,b0229&social_share_type=5\"]}]}<\/script>\n<!-- \/ Yoast SEO plugin. -->","yoast_head_json":{"title":"por qu\u00e9 elegirnos | Daily Morocco Vacation","description":"En Internet hay muchas ofertas de viajes y circuitos por Marruecos, pero \u00bfc\u00f3mo saber cu\u00e1l es la mejor?","robots":{"index":"index","follow":"follow","max-snippet":"max-snippet:-1","max-image-preview":"max-image-preview:large","max-video-preview":"max-video-preview:-1"},"canonical":"https:\/\/dailymoroccovacation.com\/es\/por-que-elegirnos\/","og_locale":"es_ES","og_type":"article","og_title":"por qu\u00e9 elegirnos | Daily Morocco Vacation","og_description":"En Internet hay muchas ofertas de viajes y circuitos por Marruecos, pero \u00bfc\u00f3mo saber cu\u00e1l es la mejor?","og_url":"https:\/\/dailymoroccovacation.com\/es\/por-que-elegirnos\/","og_site_name":"Daily Morocco Vacation","article_publisher":"https:\/\/www.facebook.com\/profile.php?id=100088809386408","article_modified_time":"2023-11-13T12:14:07+00:00","twitter_card":"summary_large_image","twitter_misc":{"Tiempo de lectura":"1 minuto"},"schema":{"@context":"https:\/\/schema.org","@graph":[{"@type":"WebPage","@id":"https:\/\/dailymoroccovacation.com\/es\/por-que-elegirnos\/","url":"https:\/\/dailymoroccovacation.com\/es\/por-que-elegirnos\/","name":"por qu\u00e9 elegirnos | Daily Morocco Vacation","isPartOf":{"@id":"https:\/\/dailymoroccovacation.com\/#website"},"datePublished":"2022-11-30T17:50:23+00:00","dateModified":"2023-11-13T12:14:07+00:00","description":"En Internet hay muchas ofertas de viajes y circuitos por Marruecos, pero \u00bfc\u00f3mo saber cu\u00e1l es la mejor?","breadcrumb":{"@id":"https:\/\/dailymoroccovacation.com\/es\/por-que-elegirnos\/#breadcrumb"},"inLanguage":"es","potentialAction":[{"@type":"ReadAction","target":["https:\/\/dailymoroccovacation.com\/es\/por-que-elegirnos\/"]}]},{"@type":"BreadcrumbList","@id":"https:\/\/dailymoroccovacation.com\/es\/por-que-elegirnos\/#breadcrumb","itemListElement":[{"@type":"ListItem","position":1,"name":"Home","item":"https:\/\/dailymoroccovacation.com\/es\/"},{"@type":"ListItem","position":2,"name":"por qu\u00e9 elegirnos"}]},{"@type":"WebSite","@id":"https:\/\/dailymoroccovacation.com\/#website","url":"https:\/\/dailymoroccovacation.com\/","name":"Daily Morocco Vacation","description":"Just another WordPress site","publisher":{"@id":"https:\/\/dailymoroccovacation.com\/#organization"},"potentialAction":[{"@type":"SearchAction","target":{"@type":"EntryPoint","urlTemplate":"https:\/\/dailymoroccovacation.com\/?s={search_term_string}"},"query-input":{"@type":"PropertyValueSpecification","valueRequired":true,"valueName":"search_term_string"}}],"inLanguage":"es"},{"@type":"Organization","@id":"https:\/\/dailymoroccovacation.com\/#organization","name":"Daily Morocco Vacation","url":"https:\/\/dailymoroccovacation.com\/","logo":{"@type":"ImageObject","inLanguage":"es","@id":"https:\/\/dailymoroccovacation.com\/#\/schema\/logo\/image\/","url":"https:\/\/dailymoroccovacation.com\/wp-content\/uploads\/2020\/11\/Daily_Morocco_Vacation-removebg-preview-e1668087642616.png","contentUrl":"https:\/\/dailymoroccovacation.com\/wp-content\/uploads\/2020\/11\/Daily_Morocco_Vacation-removebg-preview-e1668087642616.png","width":356,"height":217,"caption":"Daily Morocco Vacation"},"image":{"@id":"https:\/\/dailymoroccovacation.com\/#\/schema\/logo\/image\/"},"sameAs":["https:\/\/www.facebook.com\/profile.php?id=100088809386408","https:\/\/instagram.com\/dailymoroccovacation?igshid=NzZlODBkYWE4Ng==","https:\/\/www.pinterest.com\/dailymoroccovacation\/","https:\/\/www.linkedin.com\/company\/daily-morocco-vacation\/about\/?viewAsMember=true","https:\/\/www.tiktok.com\/@dailymoroccovacation?_r=1&_d=e76kkghjb10dfl&sec_uid=MS4wLjABAAAADxDRT5ONtS3PjxY4ZE9Ropzu9awvLb459plZBMADerWTUf2J3ckuBtabjc6PdIfQ&share_author_id=6731039243287086085&sharer_language=fr&source=h5_m&u_code=d839a38779f427&timestamp=1700341714&user_id=6731039243287086085&sec_user_id=MS4wLjABAAAADxDRT5ONtS3PjxY4ZE9Ropzu9awvLb459plZBMADerWTUf2J3ckuBtabjc6PdIfQ&utm_source=copy&utm_campaign=client_share&utm_medium=android&share_iid=7283070259069568774&share_link_id=2b560c6a-f035-48d4-9534-0edd7f9c53a4&share_app_id=1233&ugbiz_name=ACCOUNT&ug_btm=b8727,b0229&social_share_type=5"]}]}},"_links":{"self":[{"href":"https:\/\/dailymoroccovacation.com\/es\/wp-json\/wp\/v2\/pages\/14003","targetHints":{"allow":["GET"]}}],"collection":[{"href":"https:\/\/dailymoroccovacation.com\/es\/wp-json\/wp\/v2\/pages"}],"about":[{"href":"https:\/\/dailymoroccovacation.com\/es\/wp-json\/wp\/v2\/types\/page"}],"author":[{"embeddable":true,"href":"https:\/\/dailymoroccovacation.com\/es\/wp-json\/wp\/v2\/users\/1"}],"replies":[{"embeddable":true,"href":"https:\/\/dailymoroccovacation.com\/es\/wp-json\/wp\/v2\/comments?post=14003"}],"version-history":[{"count":2,"href":"https:\/\/dailymoroccovacation.com\/es\/wp-json\/wp\/v2\/pages\/14003\/revisions"}],"predecessor-version":[{"id":14534,"href":"https:\/\/dailymoroccovacation.com\/es\/wp-json\/wp\/v2\/pages\/14003\/revisions\/14534"}],"wp:attachment":[{"href":"https:\/\/dailymoroccovacation.com\/es\/wp-json\/wp\/v2\/media?parent=14003"}],"curies":[{"name":"wp","href":"https:\/\/api.w.org\/{rel}","templated":true}]}}