{"id":12434,"date":"2022-08-25T17:35:08","date_gmt":"2022-08-25T17:35:08","guid":{"rendered":"https:\/\/dailymoroccovacation.com\/viajes-dia\/"},"modified":"2023-11-13T12:16:59","modified_gmt":"2023-11-13T12:16:59","slug":"viajes-dia","status":"publish","type":"page","link":"https:\/\/dailymoroccovacation.com\/es\/viajes-dia\/","title":{"rendered":"viajes d\u00eda"},"content":{"rendered":"\t\t<div data-elementor-type=\"wp-page\" data-elementor-id=\"12434\" class=\"elementor elementor-12434 elementor-7634\" data-elementor-post-type=\"page\">\n\t\t\t\t\t\t<section class=\"elementor-section elementor-top-section elementor-element elementor-element-aec41ed elementor-section-boxed elementor-section-height-default elementor-section-height-default\" data-id=\"aec41ed\" data-element_type=\"section\" data-e-type=\"section\">\n\t\t\t\t\t\t<div class=\"elementor-container elementor-column-gap-default\">\n\t\t\t\t\t<div class=\"elementor-column elementor-col-100 elementor-top-column elementor-element elementor-element-3bea2cf\" data-id=\"3bea2cf\" data-element_type=\"column\" data-e-type=\"column\">\n\t\t\t<div class=\"elementor-widget-wrap elementor-element-populated\">\n\t\t\t\t\t\t<div class=\"elementor-element elementor-element-3a8a055 elementor-widget elementor-widget-spacer\" data-id=\"3a8a055\" data-element_type=\"widget\" data-e-type=\"widget\" data-widget_type=\"spacer.default\">\n\t\t\t\t<div class=\"elementor-widget-container\">\n\t\t\t\t\t\t\t<div class=\"elementor-spacer\">\n\t\t\t<div class=\"elementor-spacer-inner\"><\/div>\n\t\t<\/div>\n\t\t\t\t\t\t<\/div>\n\t\t\t\t<\/div>\n\t\t\t\t<div class=\"elementor-element elementor-element-7c7cfef elementor-widget elementor-widget-heading\" data-id=\"7c7cfef\" data-element_type=\"widget\" data-e-type=\"widget\" data-widget_type=\"heading.default\">\n\t\t\t\t<div class=\"elementor-widget-container\">\n\t\t\t\t\t<h1 class=\"elementor-heading-title elementor-size-default\">Marruecos viajes<\/h1>\t\t\t\t<\/div>\n\t\t\t\t<\/div>\n\t\t\t\t<div class=\"elementor-element elementor-element-1b74b9f elementor-widget elementor-widget-spacer\" data-id=\"1b74b9f\" data-element_type=\"widget\" data-e-type=\"widget\" data-widget_type=\"spacer.default\">\n\t\t\t\t<div class=\"elementor-widget-container\">\n\t\t\t\t\t\t\t<div class=\"elementor-spacer\">\n\t\t\t<div class=\"elementor-spacer-inner\"><\/div>\n\t\t<\/div>\n\t\t\t\t\t\t<\/div>\n\t\t\t\t<\/div>\n\t\t\t\t\t<\/div>\n\t\t<\/div>\n\t\t\t\t\t<\/div>\n\t\t<\/section>\n\t\t\t\t<section class=\"elementor-section elementor-top-section elementor-element elementor-element-c99bc73 elementor-section-boxed elementor-section-height-default elementor-section-height-default\" data-id=\"c99bc73\" data-element_type=\"section\" data-e-type=\"section\">\n\t\t\t\t\t\t<div class=\"elementor-container elementor-column-gap-default\">\n\t\t\t\t\t<div class=\"elementor-column elementor-col-100 elementor-top-column elementor-element elementor-element-f3f237e\" data-id=\"f3f237e\" data-element_type=\"column\" data-e-type=\"column\">\n\t\t\t<div class=\"elementor-widget-wrap elementor-element-populated\">\n\t\t\t\t\t\t<div class=\"elementor-element elementor-element-e19ec24 elementor-widget elementor-widget-text-editor\" data-id=\"e19ec24\" data-element_type=\"widget\" data-e-type=\"widget\" data-widget_type=\"text-editor.default\">\n\t\t\t\t<div class=\"elementor-widget-container\">\n\t\t\t\t\t\t\t\t\t<p style=\"text-align: center;\"><strong>Tours a Marruecos y viajes al desierto del Sahara seg\u00fan las preferencias del cliente.<\/strong><\/p>\n\t\t\t\t\t\t\t\t<\/div>\n\t\t\t\t<\/div>\n\t\t\t\t\t<\/div>\n\t\t<\/div>\n\t\t\t\t\t<\/div>\n\t\t<\/section>\n\t\t\t\t<section class=\"elementor-section elementor-top-section elementor-element elementor-element-3bdeaf4 elementor-section-boxed elementor-section-height-default elementor-section-height-default\" data-id=\"3bdeaf4\" data-element_type=\"section\" data-e-type=\"section\">\n\t\t\t\t\t\t<div class=\"elementor-container elementor-column-gap-default\">\n\t\t\t\t\t<div class=\"elementor-column elementor-col-100 elementor-top-column elementor-element elementor-element-451ada9\" data-id=\"451ada9\" data-element_type=\"column\" data-e-type=\"column\">\n\t\t\t<div class=\"elementor-widget-wrap elementor-element-populated\">\n\t\t\t\t\t\t<div class=\"elementor-element elementor-element-f049acb elementor-align-center elementor-button-success elementor-widget elementor-widget-button\" data-id=\"f049acb\" data-element_type=\"widget\" data-e-type=\"widget\" data-widget_type=\"button.default\">\n\t\t\t\t<div class=\"elementor-widget-container\">\n\t\t\t\t\t\t\t\t\t<div class=\"elementor-button-wrapper\">\n\t\t\t\t\t<a class=\"elementor-button elementor-button-link elementor-size-md\" href=\"https:\/\/dailymoroccovacation.com\/es\/\">\n\t\t\t\t\t\t<span class=\"elementor-button-content-wrapper\">\n\t\t\t\t\t\t<span class=\"elementor-button-icon\">\n\t\t\t\t<svg xmlns=\"http:\/\/www.w3.org\/2000\/svg\" height=\"32\" viewBox=\"0 0 32 32\" width=\"32\"><g class=\"fill-secondary\"><path d=\"m15.3 27.3h1.35v1.35h-1.35z\"><\/path><path d=\"m15.3 24.6h1.35v1.35h-1.35z\"><\/path><path d=\"m15.95 32-7.3-4-7.1 3.95h-1.55v-1.5l3.4-16.3 3-1.45.5 1.2-2.3 1.2-3.2 15.35 7.25-3.9 7.3 4 7.35-4 7.25 3.9-3.2-15.35-2.35-1.2.55-1.2 3 1.45 3.4 16.45v1.35h-1.55l-7.1-3.95z\"><\/path><\/g><path d=\"m15.95 0c-4.8 0-8.65 3.85-8.65 8.65 0 1.35.35 2.55.85 3.75 2 4.9 7.8 10.9 7.8 10.9s5.8-6 7.8-10.9c.45-1.15.85-2.4.85-3.75 0-4.8-3.85-8.65-8.65-8.65zm0 12.65c-2.2 0-4-1.8-4-4s1.8-4 4-4 4 1.8 4 4-1.8 4-4 4z\" class=\"fill-primary\"><\/path><path d=\"m15.95 13.95c-2.95 0-5.3-2.4-5.3-5.3s2.4-5.3 5.3-5.3 5.3 2.4 5.3 5.3-2.35 5.3-5.3 5.3zm0-9.3c-2.2 0-4 1.8-4 4s1.8 4 4 4 4-1.8 4-4-1.8-4-4-4z\" fill=\"#bb5d24\"><\/path><path d=\"m15.3 8h1.35v1.35h-1.35z\" class=\"fill-secondary\"><\/path><\/svg>\t\t\t<\/span>\n\t\t\t\t\t\t\t\t\t<span class=\"elementor-button-text\">EXPLORAR MARRUECOS<\/span>\n\t\t\t\t\t<\/span>\n\t\t\t\t\t<\/a>\n\t\t\t\t<\/div>\n\t\t\t\t\t\t\t\t<\/div>\n\t\t\t\t<\/div>\n\t\t\t\t\t<\/div>\n\t\t<\/div>\n\t\t\t\t\t<\/div>\n\t\t<\/section>\n\t\t\t\t<section class=\"elementor-section elementor-top-section elementor-element elementor-element-ea82682 elementor-section-boxed elementor-section-height-default elementor-section-height-default\" data-id=\"ea82682\" data-element_type=\"section\" data-e-type=\"section\">\n\t\t\t\t\t\t<div class=\"elementor-container elementor-column-gap-default\">\n\t\t\t\t\t<div class=\"elementor-column elementor-col-100 elementor-top-column elementor-element elementor-element-aa50c83\" data-id=\"aa50c83\" data-element_type=\"column\" data-e-type=\"column\">\n\t\t\t<div class=\"elementor-widget-wrap elementor-element-populated\">\n\t\t\t\t\t\t<div class=\"elementor-element elementor-element-fa91051 elementor-widget elementor-widget-text-editor\" data-id=\"fa91051\" data-element_type=\"widget\" data-e-type=\"widget\" data-widget_type=\"text-editor.default\">\n\t\t\t\t<div class=\"elementor-widget-container\">\n\t\t\t\t\t\t\t\t\t<h5>Excursi\u00f3n a Marruecos<\/h5>\n<p>Emb\u00e1rquese en un viaje donde los ecos de las civilizaciones antiguas se mezclan con el vibrante pulso de la vida contempor\u00e1nea.&nbsp;<\/p>\n<p>Un viaje a <a href=\"https:\/\/fr.wikipedia.org\/wiki\/Morocco\">Marruecos<\/a> promete un viaje a trav\u00e9s de una tierra donde la historia susurra a trav\u00e9s de las estrechas callejuelas de ciudades antiguas que datan de siglos atr\u00e1s, y las arenas doradas del Sahara cuentan historias de caravanas beduinas.&nbsp;<\/p>\n<h5>Marrakesh<\/h5>\n<p>Mientras paseas por las laber\u00ednticas calles de Marrakech, donde el aire est\u00e1 impregnado de aromas de especias ex\u00f3ticas, o te sumerges en los tonos azules de Chefchaouen, cada paso revela un mosaico de tradici\u00f3n y modernidad.&nbsp;<\/p>\n<p>El atractivo de Marruecos no reside s\u00f3lo en sus famosos monumentos (las Ciudades Eternas, la majestuosidad de las monta\u00f1as del Atlas o el encantador Sahara) sino tambi\u00e9n en la calidez de su gente, cuya hospitalidad convierte cada encuentro en un recuerdo preciado.<\/p>\n<h5>Arquitectura centenaria y sitios hist\u00f3ricos.<\/h5>\n<p>En ciudades como Marrakech y Fez, la arquitectura centenaria y los sitios hist\u00f3ricos son testimonios del pasado antiguo de Marruecos. Mientras tanto, las tranquilas calles azules de Chefchaouen y el encanto costero de Essaouira ofrecen vislumbres contrastantes del diverso paisaje del pa\u00eds.<\/p>\n<h5>\u00danete a nosotros<\/h5>\n<p>\u00danase a nosotros mientras navegamos por el paisaje cultural de Marruecos, desde la intrincada artesan\u00eda de los mercados artesanales hasta los tranquilos oasis ubicados dentro de antiguas kasbahs.&nbsp;<\/p>\n<p>Esta es una invitaci\u00f3n a descubrir la magia que te espera en una tierra donde pasado y presente bailan juntos, creando un tapiz de experiencias inolvidable. Bienvenidos a Marruecos, donde cada momento es una aventura y cada rinc\u00f3n cuenta una historia.<\/p>\t\t\t\t\t\t\t\t<\/div>\n\t\t\t\t<\/div>\n\t\t\t\t\t<\/div>\n\t\t<\/div>\n\t\t\t\t\t<\/div>\n\t\t<\/section>\n\t\t\t\t<section class=\"elementor-section elementor-top-section elementor-element elementor-element-6a3680d elementor-section-boxed elementor-section-height-default elementor-section-height-default\" data-id=\"6a3680d\" data-element_type=\"section\" data-e-type=\"section\">\n\t\t\t\t\t\t<div class=\"elementor-container elementor-column-gap-default\">\n\t\t\t\t\t<div class=\"elementor-column elementor-col-100 elementor-top-column elementor-element elementor-element-d0f877f\" data-id=\"d0f877f\" data-element_type=\"column\" data-e-type=\"column\">\n\t\t\t<div class=\"elementor-widget-wrap elementor-element-populated\">\n\t\t\t\t\t\t<div class=\"elementor-element elementor-element-e6354e0 elementor-widget elementor-widget-heading\" data-id=\"e6354e0\" data-element_type=\"widget\" data-e-type=\"widget\" data-widget_type=\"heading.default\">\n\t\t\t\t<div class=\"elementor-widget-container\">\n\t\t\t\t\t<h2 class=\"elementor-heading-title elementor-size-default\">Reserva tu mejor excursi\u00f3n:<\/h2>\t\t\t\t<\/div>\n\t\t\t\t<\/div>\n\t\t\t\t\t<\/div>\n\t\t<\/div>\n\t\t\t\t\t<\/div>\n\t\t<\/section>\n\t\t\t\t<section class=\"elementor-section elementor-top-section elementor-element elementor-element-44a7cd8 elementor-section-boxed elementor-section-height-default elementor-section-height-default\" data-id=\"44a7cd8\" data-element_type=\"section\" data-e-type=\"section\">\n\t\t\t\t\t\t<div class=\"elementor-container elementor-column-gap-default\">\n\t\t\t\t\t<div class=\"elementor-column elementor-col-100 elementor-top-column elementor-element elementor-element-a0bf60f\" data-id=\"a0bf60f\" data-element_type=\"column\" data-e-type=\"column\">\n\t\t\t<div class=\"elementor-widget-wrap elementor-element-populated\">\n\t\t\t\t\t\t\t<\/div>\n\t\t<\/div>\n\t\t\t\t\t<\/div>\n\t\t<\/section>\n\t\t\t\t<\/div>\n\t\t","protected":false},"excerpt":{"rendered":"<p>Marruecos viajes Tours a Marruecos y viajes al desierto del Sahara seg\u00fan las preferencias del cliente. EXPLORAR MARRUECOS Excursi\u00f3n a Marruecos Emb\u00e1rquese en un viaje donde los ecos de las civilizaciones antiguas se mezclan con el vibrante pulso de la vida contempor\u00e1nea.&nbsp; Un viaje a Marruecos promete un viaje a trav\u00e9s de una tierra donde [&hellip;]<\/p>\n","protected":false},"author":1,"featured_media":13520,"parent":0,"menu_order":0,"comment_status":"closed","ping_status":"closed","template":"","meta":{"inline_featured_image":false,"footnotes":""},"class_list":["post-12434","page","type-page","status-publish","has-post-thumbnail","hentry"],"yoast_head":"<!-- This site is optimized with the Yoast SEO plugin v27.4 - https:\/\/yoast.com\/product\/yoast-seo-wordpress\/ -->\n<title>viajes d\u00eda | Daily Morocco Vacation<\/title>\n<meta name=\"description\" content=\"Experimente el calor y el polvo de los viajes marroqu\u00edes mientras recorre las Kasbahs de Ait Benhaddou y Telouat o visita el palacio Glaoui.\" \/>\n<meta name=\"robots\" content=\"index, follow, max-snippet:-1, max-image-preview:large, max-video-preview:-1\" \/>\n<link rel=\"canonical\" href=\"https:\/\/dailymoroccovacation.com\/es\/viajes-dia\/\" \/>\n<meta property=\"og:locale\" content=\"es_ES\" \/>\n<meta property=\"og:type\" content=\"article\" \/>\n<meta property=\"og:title\" content=\"viajes d\u00eda | Daily Morocco Vacation\" \/>\n<meta property=\"og:description\" content=\"Experimente el calor y el polvo de los viajes marroqu\u00edes mientras recorre las Kasbahs de Ait Benhaddou y Telouat o visita el palacio Glaoui.\" \/>\n<meta property=\"og:url\" content=\"https:\/\/dailymoroccovacation.com\/es\/viajes-dia\/\" \/>\n<meta property=\"og:site_name\" content=\"Daily Morocco Vacation\" \/>\n<meta property=\"article:publisher\" content=\"https:\/\/www.facebook.com\/profile.php?id=100088809386408\" \/>\n<meta property=\"article:modified_time\" content=\"2023-11-13T12:16:59+00:00\" \/>\n<meta property=\"og:image\" content=\"https:\/\/dailymoroccovacation.com\/wp-content\/uploads\/2022\/12\/daily-morocco-vacation-5-in-morocco.webp\" \/>\n\t<meta property=\"og:image:width\" content=\"1000\" \/>\n\t<meta property=\"og:image:height\" content=\"750\" \/>\n\t<meta property=\"og:image:type\" content=\"image\/webp\" \/>\n<meta name=\"twitter:card\" content=\"summary_large_image\" \/>\n<meta name=\"twitter:label1\" content=\"Tiempo de lectura\" \/>\n\t<meta name=\"twitter:data1\" content=\"2 minutos\" \/>\n<script type=\"application\/ld+json\" class=\"yoast-schema-graph\">{\"@context\":\"https:\\\/\\\/schema.org\",\"@graph\":[{\"@type\":\"WebPage\",\"@id\":\"https:\\\/\\\/dailymoroccovacation.com\\\/es\\\/viajes-dia\\\/\",\"url\":\"https:\\\/\\\/dailymoroccovacation.com\\\/es\\\/viajes-dia\\\/\",\"name\":\"viajes d\u00eda | Daily Morocco Vacation\",\"isPartOf\":{\"@id\":\"https:\\\/\\\/dailymoroccovacation.com\\\/#website\"},\"primaryImageOfPage\":{\"@id\":\"https:\\\/\\\/dailymoroccovacation.com\\\/es\\\/viajes-dia\\\/#primaryimage\"},\"image\":{\"@id\":\"https:\\\/\\\/dailymoroccovacation.com\\\/es\\\/viajes-dia\\\/#primaryimage\"},\"thumbnailUrl\":\"https:\\\/\\\/dailymoroccovacation.com\\\/wp-content\\\/uploads\\\/2022\\\/12\\\/daily-morocco-vacation-5-in-morocco.webp\",\"datePublished\":\"2022-08-25T17:35:08+00:00\",\"dateModified\":\"2023-11-13T12:16:59+00:00\",\"description\":\"Experimente el calor y el polvo de los viajes marroqu\u00edes mientras recorre las Kasbahs de Ait Benhaddou y Telouat o visita el palacio Glaoui.\",\"breadcrumb\":{\"@id\":\"https:\\\/\\\/dailymoroccovacation.com\\\/es\\\/viajes-dia\\\/#breadcrumb\"},\"inLanguage\":\"es\",\"potentialAction\":[{\"@type\":\"ReadAction\",\"target\":[\"https:\\\/\\\/dailymoroccovacation.com\\\/es\\\/viajes-dia\\\/\"]}]},{\"@type\":\"ImageObject\",\"inLanguage\":\"es\",\"@id\":\"https:\\\/\\\/dailymoroccovacation.com\\\/es\\\/viajes-dia\\\/#primaryimage\",\"url\":\"https:\\\/\\\/dailymoroccovacation.com\\\/wp-content\\\/uploads\\\/2022\\\/12\\\/daily-morocco-vacation-5-in-morocco.webp\",\"contentUrl\":\"https:\\\/\\\/dailymoroccovacation.com\\\/wp-content\\\/uploads\\\/2022\\\/12\\\/daily-morocco-vacation-5-in-morocco.webp\",\"width\":1000,\"height\":750,\"caption\":\"travel in morocco dailymoroccovacation.com kasabah morocco desert\"},{\"@type\":\"BreadcrumbList\",\"@id\":\"https:\\\/\\\/dailymoroccovacation.com\\\/es\\\/viajes-dia\\\/#breadcrumb\",\"itemListElement\":[{\"@type\":\"ListItem\",\"position\":1,\"name\":\"Home\",\"item\":\"https:\\\/\\\/dailymoroccovacation.com\\\/es\\\/\"},{\"@type\":\"ListItem\",\"position\":2,\"name\":\"viajes d\u00eda\"}]},{\"@type\":\"WebSite\",\"@id\":\"https:\\\/\\\/dailymoroccovacation.com\\\/#website\",\"url\":\"https:\\\/\\\/dailymoroccovacation.com\\\/\",\"name\":\"Daily Morocco Vacation\",\"description\":\"Just another WordPress site\",\"publisher\":{\"@id\":\"https:\\\/\\\/dailymoroccovacation.com\\\/#organization\"},\"potentialAction\":[{\"@type\":\"SearchAction\",\"target\":{\"@type\":\"EntryPoint\",\"urlTemplate\":\"https:\\\/\\\/dailymoroccovacation.com\\\/?s={search_term_string}\"},\"query-input\":{\"@type\":\"PropertyValueSpecification\",\"valueRequired\":true,\"valueName\":\"search_term_string\"}}],\"inLanguage\":\"es\"},{\"@type\":\"Organization\",\"@id\":\"https:\\\/\\\/dailymoroccovacation.com\\\/#organization\",\"name\":\"Daily Morocco Vacation\",\"url\":\"https:\\\/\\\/dailymoroccovacation.com\\\/\",\"logo\":{\"@type\":\"ImageObject\",\"inLanguage\":\"es\",\"@id\":\"https:\\\/\\\/dailymoroccovacation.com\\\/#\\\/schema\\\/logo\\\/image\\\/\",\"url\":\"https:\\\/\\\/dailymoroccovacation.com\\\/wp-content\\\/uploads\\\/2020\\\/11\\\/Daily_Morocco_Vacation-removebg-preview-e1668087642616.png\",\"contentUrl\":\"https:\\\/\\\/dailymoroccovacation.com\\\/wp-content\\\/uploads\\\/2020\\\/11\\\/Daily_Morocco_Vacation-removebg-preview-e1668087642616.png\",\"width\":356,\"height\":217,\"caption\":\"Daily Morocco Vacation\"},\"image\":{\"@id\":\"https:\\\/\\\/dailymoroccovacation.com\\\/#\\\/schema\\\/logo\\\/image\\\/\"},\"sameAs\":[\"https:\\\/\\\/www.facebook.com\\\/profile.php?id=100088809386408\",\"https:\\\/\\\/instagram.com\\\/dailymoroccovacation?igshid=NzZlODBkYWE4Ng==\",\"https:\\\/\\\/www.pinterest.com\\\/dailymoroccovacation\\\/\",\"https:\\\/\\\/www.linkedin.com\\\/company\\\/daily-morocco-vacation\\\/about\\\/?viewAsMember=true\",\"https:\\\/\\\/www.tiktok.com\\\/@dailymoroccovacation?_r=1&_d=e76kkghjb10dfl&sec_uid=MS4wLjABAAAADxDRT5ONtS3PjxY4ZE9Ropzu9awvLb459plZBMADerWTUf2J3ckuBtabjc6PdIfQ&share_author_id=6731039243287086085&sharer_language=fr&source=h5_m&u_code=d839a38779f427&timestamp=1700341714&user_id=6731039243287086085&sec_user_id=MS4wLjABAAAADxDRT5ONtS3PjxY4ZE9Ropzu9awvLb459plZBMADerWTUf2J3ckuBtabjc6PdIfQ&utm_source=copy&utm_campaign=client_share&utm_medium=android&share_iid=7283070259069568774&share_link_id=2b560c6a-f035-48d4-9534-0edd7f9c53a4&share_app_id=1233&ugbiz_name=ACCOUNT&ug_btm=b8727,b0229&social_share_type=5\"]}]}<\/script>\n<!-- \/ Yoast SEO plugin. -->","yoast_head_json":{"title":"viajes d\u00eda | Daily Morocco Vacation","description":"Experimente el calor y el polvo de los viajes marroqu\u00edes mientras recorre las Kasbahs de Ait Benhaddou y Telouat o visita el palacio Glaoui.","robots":{"index":"index","follow":"follow","max-snippet":"max-snippet:-1","max-image-preview":"max-image-preview:large","max-video-preview":"max-video-preview:-1"},"canonical":"https:\/\/dailymoroccovacation.com\/es\/viajes-dia\/","og_locale":"es_ES","og_type":"article","og_title":"viajes d\u00eda | Daily Morocco Vacation","og_description":"Experimente el calor y el polvo de los viajes marroqu\u00edes mientras recorre las Kasbahs de Ait Benhaddou y Telouat o visita el palacio Glaoui.","og_url":"https:\/\/dailymoroccovacation.com\/es\/viajes-dia\/","og_site_name":"Daily Morocco Vacation","article_publisher":"https:\/\/www.facebook.com\/profile.php?id=100088809386408","article_modified_time":"2023-11-13T12:16:59+00:00","og_image":[{"width":1000,"height":750,"url":"https:\/\/dailymoroccovacation.com\/wp-content\/uploads\/2022\/12\/daily-morocco-vacation-5-in-morocco.webp","type":"image\/webp"}],"twitter_card":"summary_large_image","twitter_misc":{"Tiempo de lectura":"2 minutos"},"schema":{"@context":"https:\/\/schema.org","@graph":[{"@type":"WebPage","@id":"https:\/\/dailymoroccovacation.com\/es\/viajes-dia\/","url":"https:\/\/dailymoroccovacation.com\/es\/viajes-dia\/","name":"viajes d\u00eda | Daily Morocco Vacation","isPartOf":{"@id":"https:\/\/dailymoroccovacation.com\/#website"},"primaryImageOfPage":{"@id":"https:\/\/dailymoroccovacation.com\/es\/viajes-dia\/#primaryimage"},"image":{"@id":"https:\/\/dailymoroccovacation.com\/es\/viajes-dia\/#primaryimage"},"thumbnailUrl":"https:\/\/dailymoroccovacation.com\/wp-content\/uploads\/2022\/12\/daily-morocco-vacation-5-in-morocco.webp","datePublished":"2022-08-25T17:35:08+00:00","dateModified":"2023-11-13T12:16:59+00:00","description":"Experimente el calor y el polvo de los viajes marroqu\u00edes mientras recorre las Kasbahs de Ait Benhaddou y Telouat o visita el palacio Glaoui.","breadcrumb":{"@id":"https:\/\/dailymoroccovacation.com\/es\/viajes-dia\/#breadcrumb"},"inLanguage":"es","potentialAction":[{"@type":"ReadAction","target":["https:\/\/dailymoroccovacation.com\/es\/viajes-dia\/"]}]},{"@type":"ImageObject","inLanguage":"es","@id":"https:\/\/dailymoroccovacation.com\/es\/viajes-dia\/#primaryimage","url":"https:\/\/dailymoroccovacation.com\/wp-content\/uploads\/2022\/12\/daily-morocco-vacation-5-in-morocco.webp","contentUrl":"https:\/\/dailymoroccovacation.com\/wp-content\/uploads\/2022\/12\/daily-morocco-vacation-5-in-morocco.webp","width":1000,"height":750,"caption":"travel in morocco dailymoroccovacation.com kasabah morocco desert"},{"@type":"BreadcrumbList","@id":"https:\/\/dailymoroccovacation.com\/es\/viajes-dia\/#breadcrumb","itemListElement":[{"@type":"ListItem","position":1,"name":"Home","item":"https:\/\/dailymoroccovacation.com\/es\/"},{"@type":"ListItem","position":2,"name":"viajes d\u00eda"}]},{"@type":"WebSite","@id":"https:\/\/dailymoroccovacation.com\/#website","url":"https:\/\/dailymoroccovacation.com\/","name":"Daily Morocco Vacation","description":"Just another WordPress site","publisher":{"@id":"https:\/\/dailymoroccovacation.com\/#organization"},"potentialAction":[{"@type":"SearchAction","target":{"@type":"EntryPoint","urlTemplate":"https:\/\/dailymoroccovacation.com\/?s={search_term_string}"},"query-input":{"@type":"PropertyValueSpecification","valueRequired":true,"valueName":"search_term_string"}}],"inLanguage":"es"},{"@type":"Organization","@id":"https:\/\/dailymoroccovacation.com\/#organization","name":"Daily Morocco Vacation","url":"https:\/\/dailymoroccovacation.com\/","logo":{"@type":"ImageObject","inLanguage":"es","@id":"https:\/\/dailymoroccovacation.com\/#\/schema\/logo\/image\/","url":"https:\/\/dailymoroccovacation.com\/wp-content\/uploads\/2020\/11\/Daily_Morocco_Vacation-removebg-preview-e1668087642616.png","contentUrl":"https:\/\/dailymoroccovacation.com\/wp-content\/uploads\/2020\/11\/Daily_Morocco_Vacation-removebg-preview-e1668087642616.png","width":356,"height":217,"caption":"Daily Morocco Vacation"},"image":{"@id":"https:\/\/dailymoroccovacation.com\/#\/schema\/logo\/image\/"},"sameAs":["https:\/\/www.facebook.com\/profile.php?id=100088809386408","https:\/\/instagram.com\/dailymoroccovacation?igshid=NzZlODBkYWE4Ng==","https:\/\/www.pinterest.com\/dailymoroccovacation\/","https:\/\/www.linkedin.com\/company\/daily-morocco-vacation\/about\/?viewAsMember=true","https:\/\/www.tiktok.com\/@dailymoroccovacation?_r=1&_d=e76kkghjb10dfl&sec_uid=MS4wLjABAAAADxDRT5ONtS3PjxY4ZE9Ropzu9awvLb459plZBMADerWTUf2J3ckuBtabjc6PdIfQ&share_author_id=6731039243287086085&sharer_language=fr&source=h5_m&u_code=d839a38779f427&timestamp=1700341714&user_id=6731039243287086085&sec_user_id=MS4wLjABAAAADxDRT5ONtS3PjxY4ZE9Ropzu9awvLb459plZBMADerWTUf2J3ckuBtabjc6PdIfQ&utm_source=copy&utm_campaign=client_share&utm_medium=android&share_iid=7283070259069568774&share_link_id=2b560c6a-f035-48d4-9534-0edd7f9c53a4&share_app_id=1233&ugbiz_name=ACCOUNT&ug_btm=b8727,b0229&social_share_type=5"]}]}},"_links":{"self":[{"href":"https:\/\/dailymoroccovacation.com\/es\/wp-json\/wp\/v2\/pages\/12434","targetHints":{"allow":["GET"]}}],"collection":[{"href":"https:\/\/dailymoroccovacation.com\/es\/wp-json\/wp\/v2\/pages"}],"about":[{"href":"https:\/\/dailymoroccovacation.com\/es\/wp-json\/wp\/v2\/types\/page"}],"author":[{"embeddable":true,"href":"https:\/\/dailymoroccovacation.com\/es\/wp-json\/wp\/v2\/users\/1"}],"replies":[{"embeddable":true,"href":"https:\/\/dailymoroccovacation.com\/es\/wp-json\/wp\/v2\/comments?post=12434"}],"version-history":[{"count":5,"href":"https:\/\/dailymoroccovacation.com\/es\/wp-json\/wp\/v2\/pages\/12434\/revisions"}],"predecessor-version":[{"id":14535,"href":"https:\/\/dailymoroccovacation.com\/es\/wp-json\/wp\/v2\/pages\/12434\/revisions\/14535"}],"wp:featuredmedia":[{"embeddable":true,"href":"https:\/\/dailymoroccovacation.com\/es\/wp-json\/wp\/v2\/media\/13520"}],"wp:attachment":[{"href":"https:\/\/dailymoroccovacation.com\/es\/wp-json\/wp\/v2\/media?parent=12434"}],"curies":[{"name":"wp","href":"https:\/\/api.w.org\/{rel}","templated":true}]}}